{"id":5,"date":"2023-03-03T22:08:31","date_gmt":"2023-03-04T01:08:31","guid":{"rendered":"https:\/\/docs.avantitapetes.com.br\/index.php\/docs\/"},"modified":"2026-04-02T20:19:37","modified_gmt":"2026-04-02T23:19:37","slug":"docs","status":"publish","type":"page","link":"https:\/\/docs.avantitapetes.com.br\/","title":{"rendered":"Manuais de Produto"},"content":{"rendered":"<div style=\"text-align: center; border: 1px solid #ccc; padding: 20px; background: #f9f9f9;\">\n                <h3 style=\"color: #333;\">Acesso Restrito<\/h3>\n                <h4>Este conte\u00fado \u00e9 exclusivo para usu\u00e1rios autorizados.<\/h4>\n                <a href=\"https:\/\/docs.avantitapetes.com.br\/?page_id=6518\" \n                   style=\"background: #000; color: #fff; padding: 10px 20px; text-decoration: none; border-radius: 5px;\">\n                   Fazer Login\n                <\/a>\n            <\/div>","protected":false},"excerpt":{"rendered":"<p>Acesso Restrito Este conte\u00fado \u00e9 exclusivo para usu\u00e1rios autorizados. Fazer Login<\/p>\n","protected":false},"author":1,"featured_media":0,"parent":0,"menu_order":0,"comment_status":"closed","ping_status":"closed","template":"","meta":{"footnotes":""},"class_list":["post-5","page","type-page","status-publish","hentry"],"_links":{"self":[{"href":"https:\/\/docs.avantitapetes.com.br\/index.php?rest_route=\/wp\/v2\/pages\/5","targetHints":{"allow":["GET"]}}],"collection":[{"href":"https:\/\/docs.avantitapetes.com.br\/index.php?rest_route=\/wp\/v2\/pages"}],"about":[{"href":"https:\/\/docs.avantitapetes.com.br\/index.php?rest_route=\/wp\/v2\/types\/page"}],"author":[{"embeddable":true,"href":"https:\/\/docs.avantitapetes.com.br\/index.php?rest_route=\/wp\/v2\/users\/1"}],"replies":[{"embeddable":true,"href":"https:\/\/docs.avantitapetes.com.br\/index.php?rest_route=%2Fwp%2Fv2%2Fcomments&post=5"}],"version-history":[{"count":2,"href":"https:\/\/docs.avantitapetes.com.br\/index.php?rest_route=\/wp\/v2\/pages\/5\/revisions"}],"predecessor-version":[{"id":4432,"href":"https:\/\/docs.avantitapetes.com.br\/index.php?rest_route=\/wp\/v2\/pages\/5\/revisions\/4432"}],"wp:attachment":[{"href":"https:\/\/docs.avantitapetes.com.br\/index.php?rest_route=%2Fwp%2Fv2%2Fmedia&parent=5"}],"curies":[{"name":"wp","href":"https:\/\/api.w.org\/{rel}","templated":true}]}}